{"id":2898,"date":"2023-02-08T16:53:10","date_gmt":"2023-02-08T15:53:10","guid":{"rendered":"https:\/\/talk-cec.com\/?page_id=2898"},"modified":"2025-12-15T11:50:43","modified_gmt":"2025-12-15T10:50:43","slug":"qui-sommes-nous","status":"publish","type":"page","link":"https:\/\/talk-cec.com\/index.php\/qui-sommes-nous\/","title":{"rendered":"Qui sommes nous ?"},"content":{"rendered":"\t\t<div data-elementor-type=\"wp-page\" data-elementor-id=\"2898\" class=\"elementor elementor-2898\" data-elementor-post-type=\"page\">\n\t\t\t\t\t\t<div class=\"elementor-inner\">\n\t\t\t\t<div class=\"elementor-section-wrap\">\n\t\t\t\t\t\t\t\t\t<section class=\"elementor-section elementor-top-section elementor-element elementor-element-bdedcaa elementor-section-boxed elementor-section-height-default elementor-section-height-default\" data-id=\"bdedcaa\" data-element_type=\"section\">\n\t\t\t\t\t\t<div class=\"elementor-container elementor-column-gap-default\">\n\t\t\t\t\t\t\t<div class=\"elementor-row\">\n\t\t\t\t\t<div class=\"elementor-column elementor-col-100 elementor-top-column elementor-element elementor-element-9645ac0\" data-id=\"9645ac0\" data-element_type=\"column\">\n\t\t\t<div class=\"elementor-column-wrap elementor-element-populated\">\n\t\t\t\t\t\t\t<div class=\"elementor-widget-wrap\">\n\t\t\t\t\t\t<div class=\"elementor-element elementor-element-9fb145a elementor-widget elementor-widget-heading\" data-id=\"9fb145a\" data-element_type=\"widget\" data-widget_type=\"heading.default\">\n\t\t\t\t<div class=\"elementor-widget-container\">\n\t\t\t<h2 class=\"elementor-heading-title elementor-size-default\">Qui<\/h2>\t\t<\/div>\n\t\t\t\t<\/div>\n\t\t\t\t<div class=\"elementor-element elementor-element-7c20093 elementor-widget elementor-widget-heading\" data-id=\"7c20093\" data-element_type=\"widget\" data-widget_type=\"heading.default\">\n\t\t\t\t<div class=\"elementor-widget-container\">\n\t\t\t<h2 class=\"elementor-heading-title elementor-size-default\">sommes-nous <\/h2>\t\t<\/div>\n\t\t\t\t<\/div>\n\t\t\t\t<section class=\"elementor-section elementor-inner-section elementor-element elementor-element-656a8fd elementor-section-boxed elementor-section-height-default elementor-section-height-default\" data-id=\"656a8fd\" data-element_type=\"section\">\n\t\t\t\t\t\t<div class=\"elementor-container elementor-column-gap-default\">\n\t\t\t\t\t\t\t<div class=\"elementor-row\">\n\t\t\t\t\t<div class=\"elementor-column elementor-col-50 elementor-inner-column elementor-element elementor-element-944ecb9\" data-id=\"944ecb9\" data-element_type=\"column\">\n\t\t\t<div class=\"elementor-column-wrap elementor-element-populated\">\n\t\t\t\t\t\t\t<div class=\"elementor-widget-wrap\">\n\t\t\t\t\t\t<div class=\"elementor-element elementor-element-511cf18 elementor-widget elementor-widget-text-editor\" data-id=\"511cf18\" data-element_type=\"widget\" data-widget_type=\"text-editor.default\">\n\t\t\t\t<div class=\"elementor-widget-container\">\n\t\t\t\t\t\t\t\t<div class=\"elementor-text-editor elementor-clearfix\">\n\t\t\t\t<p data-start=\"379\" data-end=\"745\"><strong data-start=\"379\" data-end=\"425\">NOTRE HISTOIRE<\/strong><\/p><p data-start=\"379\" data-end=\"745\">Talk C.E.C est avant tout une aventure familiale n\u00e9e d\u2019un amour profond pour l\u2019art, le patrimoine et les lieux qui racontent une histoire. Fille commissaire d\u2019exposition et p\u00e8re antiquaire, nous partageons depuis toujours la m\u00eame passion pour la beaut\u00e9 sous toutes ses formes, des objets anciens aux cr\u00e9ations contemporaines.<\/p><p data-start=\"747\" data-end=\"1197\">Lorsque nous avons d\u00e9couvert l\u2019ancienne manufacture Demeuldre-Coch\u00e9, le coup de foudre a \u00e9t\u00e9 imm\u00e9diat. Nich\u00e9 au c\u0153ur de Bruxelles, ce b\u00e2timent class\u00e9 au patrimoine nous a s\u00e9duits par son \u00e2me et son architecture.<\/p><p data-start=\"747\" data-end=\"1197\"><br data-start=\"962\" data-end=\"965\" \/>Le r\u00e9nover a \u00e9t\u00e9 un d\u00e9fi : conjuguer modernit\u00e9 et respect du pass\u00e9, redonner vie \u00e0 un lieu tout en pr\u00e9servant son authenticit\u00e9.\u00a0<\/p><p data-start=\"1199\" data-end=\"1343\">Aujourd\u2019hui, la Manufacture s\u2019est transform\u00e9e en un espace vivant, d\u00e9di\u00e9 \u00e0 la cr\u00e9ation, \u00e0 l\u2019\u00e9change et \u00e0 l\u2019\u00e9v\u00e9nementiel.<\/p>\t\t\t\t\t<\/div>\n\t\t\t\t\t\t<\/div>\n\t\t\t\t<\/div>\n\t\t\t\t\t\t<\/div>\n\t\t\t\t\t<\/div>\n\t\t<\/div>\n\t\t\t\t<div class=\"elementor-column elementor-col-50 elementor-inner-column elementor-element elementor-element-50695e3\" data-id=\"50695e3\" data-element_type=\"column\">\n\t\t\t<div class=\"elementor-column-wrap elementor-element-populated\">\n\t\t\t\t\t\t\t<div class=\"elementor-widget-wrap\">\n\t\t\t\t\t\t<div class=\"elementor-element elementor-element-1a64ee9 elementor-widget elementor-widget-image\" data-id=\"1a64ee9\" data-element_type=\"widget\" data-widget_type=\"image.default\">\n\t\t\t\t<div class=\"elementor-widget-container\">\n\t\t\t\t\t\t\t\t<div class=\"elementor-image\">\n\t\t\t\t\t\t\t\t\t\t\t\t<img loading=\"lazy\" decoding=\"async\" width=\"800\" height=\"513\" src=\"https:\/\/talk-cec.com\/wp-content\/uploads\/2025\/10\/PAKA4568corr-1-1024x656.jpg\" class=\"attachment-large size-large wp-image-9885\" alt=\"\" srcset=\"https:\/\/talk-cec.com\/wp-content\/uploads\/2025\/10\/PAKA4568corr-1-1024x656.jpg 1024w, https:\/\/talk-cec.com\/wp-content\/uploads\/2025\/10\/PAKA4568corr-1-300x192.jpg 300w, https:\/\/talk-cec.com\/wp-content\/uploads\/2025\/10\/PAKA4568corr-1-768x492.jpg 768w, https:\/\/talk-cec.com\/wp-content\/uploads\/2025\/10\/PAKA4568corr-1-1536x984.jpg 1536w, https:\/\/talk-cec.com\/wp-content\/uploads\/2025\/10\/PAKA4568corr-1-2048x1312.jpg 2048w\" sizes=\"auto, (max-width: 800px) 100vw, 800px\" \/>\t\t\t\t\t\t\t\t\t\t\t\t\t\t<\/div>\n\t\t\t\t\t\t<\/div>\n\t\t\t\t<\/div>\n\t\t\t\t\t\t<\/div>\n\t\t\t\t\t<\/div>\n\t\t<\/div>\n\t\t\t\t\t\t\t\t<\/div>\n\t\t\t\t\t<\/div>\n\t\t<\/section>\n\t\t\t\t<section class=\"elementor-section elementor-inner-section elementor-element elementor-element-8db450d elementor-section-boxed elementor-section-height-default elementor-section-height-default\" data-id=\"8db450d\" data-element_type=\"section\">\n\t\t\t\t\t\t<div class=\"elementor-container elementor-column-gap-default\">\n\t\t\t\t\t\t\t<div class=\"elementor-row\">\n\t\t\t\t\t<div class=\"elementor-column elementor-col-50 elementor-inner-column elementor-element elementor-element-7c0dd32\" data-id=\"7c0dd32\" data-element_type=\"column\">\n\t\t\t<div class=\"elementor-column-wrap elementor-element-populated\">\n\t\t\t\t\t\t\t<div class=\"elementor-widget-wrap\">\n\t\t\t\t\t\t<div class=\"elementor-element elementor-element-b766408 elementor-widget elementor-widget-text-editor\" data-id=\"b766408\" data-element_type=\"widget\" data-widget_type=\"text-editor.default\">\n\t\t\t\t<div class=\"elementor-widget-container\">\n\t\t\t\t\t\t\t\t<div class=\"elementor-text-editor elementor-clearfix\">\n\t\t\t\t<p data-start=\"379\" data-end=\"745\"><strong data-start=\"379\" data-end=\"425\">NOTRE VISION<\/strong><\/p><p data-start=\"1371\" data-end=\"1740\">Notre ambition d\u00e9passe celle d\u2019une simple galerie d&rsquo;art ou d\u2019un espace \u00e9v\u00e9nementiel. Talk C.E.C est un lieu de rencontres, de dialogues et de synergies.<\/p><p data-start=\"1742\" data-end=\"2042\">Notre vision est de faire de Talk C.E.C un pont entre les disciplines, un espace o\u00f9 se tissent des liens entre l\u2019art, la musique, la science, la culture et l\u2019humain.<\/p><p data-start=\"1742\" data-end=\"2042\">Chaque exposition, chaque rencontre et chaque \u00e9v\u00e9nement est pens\u00e9 comme une exp\u00e9rience \u00e0 part enti\u00e8re au service de notre communaut\u00e9 grandissante.<\/p>\t\t\t\t\t<\/div>\n\t\t\t\t\t\t<\/div>\n\t\t\t\t<\/div>\n\t\t\t\t\t\t<\/div>\n\t\t\t\t\t<\/div>\n\t\t<\/div>\n\t\t\t\t<div class=\"elementor-column elementor-col-50 elementor-inner-column elementor-element elementor-element-cebb5a0\" data-id=\"cebb5a0\" data-element_type=\"column\">\n\t\t\t<div class=\"elementor-column-wrap elementor-element-populated\">\n\t\t\t\t\t\t\t<div class=\"elementor-widget-wrap\">\n\t\t\t\t\t\t<div class=\"elementor-element elementor-element-97cbda8 elementor-widget elementor-widget-text-editor\" data-id=\"97cbda8\" data-element_type=\"widget\" data-widget_type=\"text-editor.default\">\n\t\t\t\t<div class=\"elementor-widget-container\">\n\t\t\t\t\t\t\t\t<div class=\"elementor-text-editor elementor-clearfix\">\n\t\t\t\t<p><strong>NOTRE MISSION<\/strong><\/p><p data-start=\"2071\" data-end=\"2391\">Au-del\u00e0 de nos expositions hybrides, nous proposons la location d\u2019espaces pour des \u00e9v\u00e9nements d\u2019entreprise, institutionnels ou artistiques.<\/p><p data-start=\"2071\" data-end=\"2391\">Notre objectif : offrir \u00e0 nos partenaires un cadre d\u2019exception dans un \u00e9crin historique, cr\u00e9atif et inspirant, propice \u00e0 la r\u00e9flexion, \u00e0 la convivialit\u00e9 et \u00e0 la cr\u00e9ation de liens.<\/p><p data-start=\"2393\" data-end=\"2763\">Nous veillons \u00e0 ce que chaque \u00e9v\u00e9nement porte l\u2019empreinte de notre ADN : le soin du d\u00e9tail, l\u2019humain au centre, et la volont\u00e9 de cr\u00e9er du sens.<\/p>\t\t\t\t\t<\/div>\n\t\t\t\t\t\t<\/div>\n\t\t\t\t<\/div>\n\t\t\t\t\t\t<\/div>\n\t\t\t\t\t<\/div>\n\t\t<\/div>\n\t\t\t\t\t\t\t\t<\/div>\n\t\t\t\t\t<\/div>\n\t\t<\/section>\n\t\t\t\t<div class=\"elementor-element elementor-element-7a82b03 elementor-widget elementor-widget-image\" data-id=\"7a82b03\" data-element_type=\"widget\" data-widget_type=\"image.default\">\n\t\t\t\t<div class=\"elementor-widget-container\">\n\t\t\t\t\t\t\t\t<div class=\"elementor-image\">\n\t\t\t\t\t\t\t\t\t\t\t\t<img loading=\"lazy\" decoding=\"async\" width=\"800\" height=\"375\" src=\"https:\/\/talk-cec.com\/wp-content\/uploads\/2025\/10\/Capture-decran-2025-10-20-a-11.06.20-1024x480.png\" class=\"attachment-large size-large wp-image-9887\" alt=\"\" srcset=\"https:\/\/talk-cec.com\/wp-content\/uploads\/2025\/10\/Capture-decran-2025-10-20-a-11.06.20-1024x480.png 1024w, https:\/\/talk-cec.com\/wp-content\/uploads\/2025\/10\/Capture-decran-2025-10-20-a-11.06.20-300x141.png 300w, https:\/\/talk-cec.com\/wp-content\/uploads\/2025\/10\/Capture-decran-2025-10-20-a-11.06.20-768x360.png 768w, https:\/\/talk-cec.com\/wp-content\/uploads\/2025\/10\/Capture-decran-2025-10-20-a-11.06.20-1536x720.png 1536w, https:\/\/talk-cec.com\/wp-content\/uploads\/2025\/10\/Capture-decran-2025-10-20-a-11.06.20-2048x960.png 2048w\" sizes=\"auto, (max-width: 800px) 100vw, 800px\" \/>\t\t\t\t\t\t\t\t\t\t\t\t\t\t<\/div>\n\t\t\t\t\t\t<\/div>\n\t\t\t\t<\/div>\n\t\t\t\t\t\t<\/div>\n\t\t\t\t\t<\/div>\n\t\t<\/div>\n\t\t\t\t\t\t\t\t<\/div>\n\t\t\t\t\t<\/div>\n\t\t<\/section>\n\t\t\t\t<section class=\"elementor-section elementor-top-section elementor-element elementor-element-8157c88 elementor-section-boxed elementor-section-height-default elementor-section-height-default\" data-id=\"8157c88\" data-element_type=\"section\">\n\t\t\t\t\t\t<div class=\"elementor-container elementor-column-gap-default\">\n\t\t\t\t\t\t\t<div class=\"elementor-row\">\n\t\t\t\t\t<div class=\"elementor-column elementor-col-100 elementor-top-column elementor-element elementor-element-0462864\" data-id=\"0462864\" data-element_type=\"column\">\n\t\t\t<div class=\"elementor-column-wrap elementor-element-populated\">\n\t\t\t\t\t\t\t<div class=\"elementor-widget-wrap\">\n\t\t\t\t\t\t<div class=\"elementor-element elementor-element-6535208 elementor-widget elementor-widget-heading\" data-id=\"6535208\" data-element_type=\"widget\" data-widget_type=\"heading.default\">\n\t\t\t\t<div class=\"elementor-widget-container\">\n\t\t\t<h2 class=\"elementor-heading-title elementor-size-default\">TALK C.E.C<\/h2>\t\t<\/div>\n\t\t\t\t<\/div>\n\t\t\t\t<div class=\"elementor-element elementor-element-8f982fb elementor-widget elementor-widget-heading\" data-id=\"8f982fb\" data-element_type=\"widget\" data-widget_type=\"heading.default\">\n\t\t\t\t<div class=\"elementor-widget-container\">\n\t\t\t<h2 class=\"elementor-heading-title elementor-size-default\">cr\u00e9ateur<\/h2>\t\t<\/div>\n\t\t\t\t<\/div>\n\t\t\t\t<div class=\"elementor-element elementor-element-4451727 elementor-widget elementor-widget-heading\" data-id=\"4451727\" data-element_type=\"widget\" data-widget_type=\"heading.default\">\n\t\t\t\t<div class=\"elementor-widget-container\">\n\t\t\t<h2 class=\"elementor-heading-title elementor-size-default\">d'exp\u00e9riences<\/h2>\t\t<\/div>\n\t\t\t\t<\/div>\n\t\t\t\t<div class=\"elementor-element elementor-element-992ca1b elementor-widget elementor-widget-heading\" data-id=\"992ca1b\" data-element_type=\"widget\" data-widget_type=\"heading.default\">\n\t\t\t\t<div class=\"elementor-widget-container\">\n\t\t\t<h2 class=\"elementor-heading-title elementor-size-default\">culturelles<\/h2>\t\t<\/div>\n\t\t\t\t<\/div>\n\t\t\t\t\t\t<\/div>\n\t\t\t\t\t<\/div>\n\t\t<\/div>\n\t\t\t\t\t\t\t\t<\/div>\n\t\t\t\t\t<\/div>\n\t\t<\/section>\n\t\t\t\t\t\t\t\t\t<\/div>\n\t\t\t<\/div>\n\t\t\t\t\t<\/div>\n\t\t","protected":false},"excerpt":{"rendered":"<p>Qui sommes-nous NOTRE HISTOIRE Talk C.E.C est avant tout une aventure familiale n\u00e9e d\u2019un amour profond pour l\u2019art, le patrimoine et les lieux qui racontent une histoire. Fille commissaire d\u2019exposition et p\u00e8re antiquaire, nous partageons depuis toujours la m\u00eame passion pour la beaut\u00e9 sous toutes ses formes, des objets anciens aux cr\u00e9ations contemporaines. Lorsque nous [&hellip;]<\/p>\n","protected":false},"author":1,"featured_media":0,"parent":0,"menu_order":0,"comment_status":"closed","ping_status":"closed","template":"","meta":{"footnotes":""},"class_list":["post-2898","page","type-page","status-publish","hentry"],"_links":{"self":[{"href":"https:\/\/talk-cec.com\/index.php\/wp-json\/wp\/v2\/pages\/2898","targetHints":{"allow":["GET"]}}],"collection":[{"href":"https:\/\/talk-cec.com\/index.php\/wp-json\/wp\/v2\/pages"}],"about":[{"href":"https:\/\/talk-cec.com\/index.php\/wp-json\/wp\/v2\/types\/page"}],"author":[{"embeddable":true,"href":"https:\/\/talk-cec.com\/index.php\/wp-json\/wp\/v2\/users\/1"}],"replies":[{"embeddable":true,"href":"https:\/\/talk-cec.com\/index.php\/wp-json\/wp\/v2\/comments?post=2898"}],"version-history":[{"count":646,"href":"https:\/\/talk-cec.com\/index.php\/wp-json\/wp\/v2\/pages\/2898\/revisions"}],"predecessor-version":[{"id":9994,"href":"https:\/\/talk-cec.com\/index.php\/wp-json\/wp\/v2\/pages\/2898\/revisions\/9994"}],"wp:attachment":[{"href":"https:\/\/talk-cec.com\/index.php\/wp-json\/wp\/v2\/media?parent=2898"}],"curies":[{"name":"wp","href":"https:\/\/api.w.org\/{rel}","templated":true}]}}